{"id":5,"date":"2021-05-31T15:13:53","date_gmt":"2021-05-31T15:13:53","guid":{"rendered":"https:\/\/etarserra.com\/2021\/?page_id=5"},"modified":"2021-05-31T15:13:53","modified_gmt":"2021-05-31T15:13:53","slug":"inicio","status":"publish","type":"page","link":"https:\/\/etarserra.com\/2021\/","title":{"rendered":"In\u00edcio"},"content":{"rendered":"\n<p>Bem-vindo ao seu site! Esta \u00e9 a sua p\u00e1gina inicial, que \u00e9 o que a maioria dos utilizadores ver\u00e1 ao visitar o seu site pela primeira vez.<\/p>\n","protected":false},"excerpt":{"rendered":"<p>Bem-vindo ao seu site! Esta \u00e9 a sua p\u00e1gina inicial, que \u00e9 o que a maioria dos utilizadores ver\u00e1 ao visitar o seu site pela primeira vez.<\/p>\n","protected":false},"author":1,"featured_media":0,"parent":0,"menu_order":0,"comment_status":"closed","ping_status":"closed","template":"","meta":{"footnotes":""},"class_list":["post-5","page","type-page","status-publish","hentry"],"_links":{"self":[{"href":"https:\/\/etarserra.com\/2021\/wp-json\/wp\/v2\/pages\/5","targetHints":{"allow":["GET"]}}],"collection":[{"href":"https:\/\/etarserra.com\/2021\/wp-json\/wp\/v2\/pages"}],"about":[{"href":"https:\/\/etarserra.com\/2021\/wp-json\/wp\/v2\/types\/page"}],"author":[{"embeddable":true,"href":"https:\/\/etarserra.com\/2021\/wp-json\/wp\/v2\/users\/1"}],"replies":[{"embeddable":true,"href":"https:\/\/etarserra.com\/2021\/wp-json\/wp\/v2\/comments?post=5"}],"version-history":[{"count":1,"href":"https:\/\/etarserra.com\/2021\/wp-json\/wp\/v2\/pages\/5\/revisions"}],"predecessor-version":[{"id":11,"href":"https:\/\/etarserra.com\/2021\/wp-json\/wp\/v2\/pages\/5\/revisions\/11"}],"wp:attachment":[{"href":"https:\/\/etarserra.com\/2021\/wp-json\/wp\/v2\/media?parent=5"}],"curies":[{"name":"wp","href":"https:\/\/api.w.org\/{rel}","templated":true}]}}